{"id":1155,"date":"2018-10-22T13:58:42","date_gmt":"2018-10-22T13:58:42","guid":{"rendered":"http:\/\/www.camaru.org.br\/?page_id=1155"},"modified":"2018-10-22T13:58:42","modified_gmt":"2018-10-22T13:58:42","slug":"sindicato-rural-entrega-pacote-de-reivindicacoes-do-setor-a-romeu-zema","status":"publish","type":"page","link":"https:\/\/www.camaru.org.br\/sru\/sindicato-rural-entrega-pacote-de-reivindicacoes-do-setor-a-romeu-zema\/","title":{"rendered":"SINDICATO RURAL ENTREGA PACOTE DE REIVINDICA\u00c7\u00d5ES DO SETOR A ROMEU ZEMA"},"content":{"rendered":"<p><img fetchpriority=\"high\" decoding=\"async\" class=\"wp-image-1156 size-large aligncenter\" src=\"https:\/\/www.camaru.org.br\/sru\/wp-content\/uploads\/sites\/4\/2018\/10\/WhatsApp-Image-2018-10-22-at-10.03.42-768x1024.jpeg\" alt=\"\" width=\"720\" height=\"960\" srcset=\"https:\/\/www.camaru.org.br\/sru\/wp-content\/uploads\/sites\/4\/2018\/10\/WhatsApp-Image-2018-10-22-at-10.03.42-768x1024.jpeg 768w, https:\/\/www.camaru.org.br\/sru\/wp-content\/uploads\/sites\/4\/2018\/10\/WhatsApp-Image-2018-10-22-at-10.03.42-225x300.jpeg 225w, https:\/\/www.camaru.org.br\/sru\/wp-content\/uploads\/sites\/4\/2018\/10\/WhatsApp-Image-2018-10-22-at-10.03.42.jpeg 960w\" sizes=\"(max-width: 720px) 100vw, 720px\" \/><\/p>\n<p>Em reuni\u00e3o realizada hoje, dia 22\/10, o Sindicato Rural de Uberl\u00e2ndia, representando todo o nosso setor, teve a oportunidade de debater e entregar ao candidato ao governo de Minas, Romeu Zema, um pacote com as reivindica\u00e7\u00f5es e necessidades mais urgentes do produtor rural em nossa regi\u00e3o. Isso \u00e9 trabalho pelo homem do campo, pensando no futuro e defendendo nossos associados.<\/p>\n<p>O documento entregue ao candidato contempla as seguintes reivindica\u00e7\u00f5es:<\/p>\n<p>PAUTA PRIORIT\u00c1RIA \u2013 SINDICATO RURAL DE UBERL\u00c2NDIA<\/p>\n<ul>\n<li>Revogar a lei 13604\/2000 e Decreto Estadual 428 de 2018 (anexa), que cria dificuldades e embara\u00e7os para o cumprimento de a\u00e7\u00f5es de reintegra\u00e7\u00e3o de posse de im\u00f3veis rurais;<\/li>\n<li>Fazer cumprir de imediato as ordens de reintegra\u00e7\u00e3o de posse expedidas pelo Poder Judici\u00e1rio;<\/li>\n<li>Desburocratiza\u00e7\u00e3o e simplifica\u00e7\u00e3o dos processos de licenciamento ambiental;<\/li>\n<li>Empenho na simplifica\u00e7\u00e3o e redu\u00e7\u00e3o da tributa\u00e7\u00e3o estadual do agroneg\u00f3cio.<\/li>\n<li>Trabalhar junto ao TJMG pela extin\u00e7\u00e3o da Vara de Conflitos Agr\u00e1rios em Belo Horizonte;<\/li>\n<li>Atuar preventivamente por meio das Pol\u00edcias Civis e Militares para evitar invas\u00f5es de im\u00f3veis rurais;<\/li>\n<li>Ampliar a cria\u00e7\u00e3o e manuten\u00e7\u00e3o das Delegacias de Repress\u00e3o a Crimes Rurais;<\/li>\n<li>Tomar atitudes para suspender ou dissolver judicialmente movimentos ou entidades de invas\u00e3o de im\u00f3veis rurais e\/ou que empreguem a viol\u00eancia;<\/li>\n<li>Finalizar a rodovia MGC 455 que liga os munic\u00edpios Uberl\u00e2ndia e Campo Florido;<\/li>\n<\/ul>\n<p>\u2022\u00a0\u00a0\u00a0\u00a0\u00a0\u00a0\u00a0\u00a0\u00a0\u00a0\u00a0\u00a0 Concluir as obras do anel vi\u00e1rio e seus trevos no entorno da cidade de Uberl\u00e2ndia.<\/p>\n","protected":false},"excerpt":{"rendered":"<p>Em reuni\u00e3o realizada hoje, dia 22\/10, o Sindicato Rural de Uberl\u00e2ndia, representando todo o nosso setor, teve a oportunidade de debater e entregar ao candidato ao governo de Minas, Romeu Zema, um pacote com as reivindica\u00e7\u00f5es e necessidades mais urgentes do produtor rural em nossa regi\u00e3o. Isso \u00e9 trabalho pelo homem do campo, pensando no [&hellip;]<\/p>\n","protected":false},"author":1,"featured_media":0,"parent":0,"menu_order":0,"comment_status":"closed","ping_status":"closed","template":"","meta":{"inline_featured_image":false,"_mi_skip_tracking":false,"_monsterinsights_sitenote_active":false,"_monsterinsights_sitenote_note":"","_monsterinsights_sitenote_category":0,"footnotes":""},"class_list":["post-1155","page","type-page","status-publish","hentry"],"aioseo_notices":[],"_links":{"self":[{"href":"https:\/\/www.camaru.org.br\/sru\/wp-json\/wp\/v2\/pages\/1155","targetHints":{"allow":["GET"]}}],"collection":[{"href":"https:\/\/www.camaru.org.br\/sru\/wp-json\/wp\/v2\/pages"}],"about":[{"href":"https:\/\/www.camaru.org.br\/sru\/wp-json\/wp\/v2\/types\/page"}],"author":[{"embeddable":true,"href":"https:\/\/www.camaru.org.br\/sru\/wp-json\/wp\/v2\/users\/1"}],"replies":[{"embeddable":true,"href":"https:\/\/www.camaru.org.br\/sru\/wp-json\/wp\/v2\/comments?post=1155"}],"version-history":[{"count":0,"href":"https:\/\/www.camaru.org.br\/sru\/wp-json\/wp\/v2\/pages\/1155\/revisions"}],"wp:attachment":[{"href":"https:\/\/www.camaru.org.br\/sru\/wp-json\/wp\/v2\/media?parent=1155"}],"curies":[{"name":"wp","href":"https:\/\/api.w.org\/{rel}","templated":true}]}}