{"id":2820,"date":"2025-05-15T14:46:21","date_gmt":"2025-05-15T17:46:21","guid":{"rendered":"https:\/\/www.camaru.org.br\/sru\/?page_id=2820"},"modified":"2026-04-28T09:24:29","modified_gmt":"2026-04-28T12:24:29","slug":"cursos","status":"publish","type":"page","link":"https:\/\/www.camaru.org.br\/sru\/cursos\/","title":{"rendered":"Cursos"},"content":{"rendered":"\t\t<div data-elementor-type=\"wp-page\" data-elementor-id=\"2820\" class=\"elementor elementor-2820\">\n\t\t\t\t\t\t<section class=\"elementor-section elementor-top-section elementor-element elementor-element-ef8e23 elementor-section-full_width elementor-section-height-default elementor-section-height-default\" data-id=\"ef8e23\" data-element_type=\"section\" data-e-type=\"section\">\n\t\t\t\t\t\t<div class=\"elementor-container elementor-column-gap-no\">\n\t\t\t\t\t<div class=\"elementor-column elementor-col-100 elementor-top-column elementor-element elementor-element-5047b707\" data-id=\"5047b707\" data-element_type=\"column\" data-e-type=\"column\">\n\t\t\t<div class=\"elementor-widget-wrap elementor-element-populated\">\n\t\t\t\t\t\t<div class=\"elementor-element elementor-element-2d198bdd elementor-align-left elementor-widget elementor-widget-about-page-header\" data-id=\"2d198bdd\" data-element_type=\"widget\" data-e-type=\"widget\" data-widget_type=\"about-page-header.default\">\n\t\t\t\t<div class=\"elementor-widget-container\">\n\t\t\t\t\t\r\n\t\t\t\t<div class=\"pages-hero\" style=\"background-image: url(https:\/\/www.camaru.org.br\/sru\/wp-content\/uploads\/sites\/4\/2025\/05\/capa.jpg);\">\r\n\t\t\r\n\t\t\t<div class=\"container\">\r\n\r\n\t\t\t\t<div class=\"pages-title\">\r\n\r\n\t\t\t\t\t\t\t\t\t\t<h1>cursos<\/h1>\r\n\t\t\t\t\t\r\n\t\t\t\t\t<div class=\"page-nav\">\r\n\r\n\t\t\t\t\t\t\t\t\t\t\t\t\t<p><a href=\"https:\/\/www.camaru.org.br\/sru\/\">Home<\/a> &nbsp; | &nbsp; <a>cursos<\/a><\/p>\r\n\t\t\t\t\t\t\r\n\t\t\t\t\t<\/div>\r\n\r\n\t\t\t\t<\/div>\r\n\r\n\t\t\t<\/div>  \r\n\r\n\t\t<\/div>\r\n\r\n\t\t\t\t\t<\/div>\n\t\t\t\t<\/div>\n\t\t\t\t\t<\/div>\n\t\t<\/div>\n\t\t\t\t\t<\/div>\n\t\t<\/section>\n\t\t\t\t<section class=\"elementor-section elementor-top-section elementor-element elementor-element-5a86e0cf elementor-section-boxed elementor-section-height-default elementor-section-height-default\" data-id=\"5a86e0cf\" data-element_type=\"section\" data-e-type=\"section\">\n\t\t\t\t\t\t<div class=\"elementor-container elementor-column-gap-wide\">\n\t\t\t\t\t<div class=\"elementor-column elementor-col-100 elementor-top-column elementor-element elementor-element-47332bc\" data-id=\"47332bc\" data-element_type=\"column\" data-e-type=\"column\">\n\t\t\t<div class=\"elementor-widget-wrap elementor-element-populated\">\n\t\t\t\t\t\t<div class=\"elementor-element elementor-element-03e7387 elementor-widget elementor-widget-image\" data-id=\"03e7387\" data-element_type=\"widget\" data-e-type=\"widget\" data-widget_type=\"image.default\">\n\t\t\t\t<div class=\"elementor-widget-container\">\n\t\t\t\t\t\t\t\t\t\t\t\t\t\t\t<img fetchpriority=\"high\" decoding=\"async\" width=\"600\" height=\"109\" src=\"https:\/\/www.camaru.org.br\/sru\/wp-content\/uploads\/sites\/4\/2025\/05\/header.jpg\" class=\"attachment-large size-large wp-image-2833\" alt=\"\" srcset=\"https:\/\/www.camaru.org.br\/sru\/wp-content\/uploads\/sites\/4\/2025\/05\/header.jpg 600w, https:\/\/www.camaru.org.br\/sru\/wp-content\/uploads\/sites\/4\/2025\/05\/header-300x55.jpg 300w\" sizes=\"(max-width: 600px) 100vw, 600px\" \/>\t\t\t\t\t\t\t\t\t\t\t\t\t\t\t<\/div>\n\t\t\t\t<\/div>\n\t\t\t\t<div class=\"elementor-element elementor-element-40697701 elementor-widget elementor-widget-heading\" data-id=\"40697701\" data-element_type=\"widget\" data-e-type=\"widget\" data-widget_type=\"heading.default\">\n\t\t\t\t<div class=\"elementor-widget-container\">\n\t\t\t\t\t<h2 class=\"elementor-heading-title elementor-size-default\">Programa\u00e7\u00e3o de cursos Senar Sindicato Rural de Uberl\u00e2ndia\n<\/h2>\t\t\t\t<\/div>\n\t\t\t\t<\/div>\n\t\t\t\t<div class=\"elementor-element elementor-element-40d116fc elementor-widget-divider--view-line elementor-widget elementor-widget-divider\" data-id=\"40d116fc\" data-element_type=\"widget\" data-e-type=\"widget\" data-widget_type=\"divider.default\">\n\t\t\t\t<div class=\"elementor-widget-container\">\n\t\t\t\t\t\t\t<div class=\"elementor-divider\">\n\t\t\t<span class=\"elementor-divider-separator\">\n\t\t\t\t\t\t<\/span>\n\t\t<\/div>\n\t\t\t\t\t\t<\/div>\n\t\t\t\t<\/div>\n\t\t\t\t<div class=\"elementor-element elementor-element-d152d4f elementor-widget elementor-widget-heading\" data-id=\"d152d4f\" data-element_type=\"widget\" data-e-type=\"widget\" data-widget_type=\"heading.default\">\n\t\t\t\t<div class=\"elementor-widget-container\">\n\t\t\t\t\t<h4 class=\"elementor-heading-title elementor-size-default\">informa\u00e7\u00f5es: (34) 3292 8809<\/h4>\t\t\t\t<\/div>\n\t\t\t\t<\/div>\n\t\t\t\t<div class=\"elementor-element elementor-element-2e1153e elementor-widget elementor-widget-tablepress-table\" data-id=\"2e1153e\" data-element_type=\"widget\" data-e-type=\"widget\" data-widget_type=\"tablepress-table.default\">\n\t\t\t\t\t\n<table id=\"tablepress-3\" class=\"tablepress tablepress-id-3\">\n<thead>\n<tr class=\"row-1\">\n\t<th class=\"column-1\">M\u00eas<\/th><th class=\"column-2\">Data<\/th><th class=\"column-3\">Curso<\/th>\n<\/tr>\n<\/thead>\n<tbody class=\"row-striping row-hover\">\n<tr class=\"row-2\">\n\t<td class=\"column-1\">Abril<\/td><td class=\"column-2\">08 a 10\/04<\/td><td class=\"column-3\">Defensivo Agr\u00edcola Manual<\/td>\n<\/tr>\n<tr class=\"row-3\">\n\t<td class=\"column-1\">Abril<\/td><td class=\"column-2\">23 a 24\/04<\/td><td class=\"column-3\">Ro\u00e7adeira<\/td>\n<\/tr>\n<tr class=\"row-4\">\n\t<td class=\"column-1\">Abril<\/td><td class=\"column-2\">27 a 29\/04<\/td><td class=\"column-3\">Fabrica\u00e7\u00e3o de Doce de Leite<\/td>\n<\/tr>\n<tr class=\"row-5\">\n\t<td class=\"column-1\">Abril<\/td><td class=\"column-2\">27 a 29\/04<\/td><td class=\"column-3\">Seguran\u00e7a \/ Trabalho em Altura<\/td>\n<\/tr>\n<tr class=\"row-6\">\n\t<td class=\"column-1\">Abril<\/td><td class=\"column-2\">29 a 30\/04<\/td><td class=\"column-3\">Seguran\u00e7a \/ Trabalho em Altura<\/td>\n<\/tr>\n<tr class=\"row-7\">\n\t<td class=\"column-1\">Maio<\/td><td class=\"column-2\">04 a 06\/05<\/td><td class=\"column-3\">Cria e Recria de bezerras<\/td>\n<\/tr>\n<tr class=\"row-8\">\n\t<td class=\"column-1\">Maio<\/td><td class=\"column-2\">04 a 06\/05<\/td><td class=\"column-3\">Drone - Pulveriza\u00e7\u00e3o de Defensivos Agr\u00edcolas<\/td>\n<\/tr>\n<tr class=\"row-9\">\n\t<td class=\"column-1\">Maio<\/td><td class=\"column-2\">04 a 06\/05<\/td><td class=\"column-3\">Qualidade do Leite<\/td>\n<\/tr>\n<tr class=\"row-10\">\n\t<td class=\"column-1\">Maio<\/td><td class=\"column-2\">04 a 08\/05<\/td><td class=\"column-3\">Seguran\u00e7a \/ Espa\u00e7o Confinado - Supervisor<\/td>\n<\/tr>\n<tr class=\"row-11\">\n\t<td class=\"column-1\">Maio<\/td><td class=\"column-2\">11 a 13\/05<\/td><td class=\"column-3\">Defensivo Agr\u00edcola Manual<\/td>\n<\/tr>\n<tr class=\"row-12\">\n\t<td class=\"column-1\">Maio<\/td><td class=\"column-2\">11 a 13\/05<\/td><td class=\"column-3\">Retroescavadeira<\/td>\n<\/tr>\n<tr class=\"row-13\">\n\t<td class=\"column-1\">Maio<\/td><td class=\"column-2\">11 a 12\/05<\/td><td class=\"column-3\">Seguran\u00e7a \/ Espa\u00e7o Confinado - Trabalhador Autorizado e Vigia<\/td>\n<\/tr>\n<tr class=\"row-14\">\n\t<td class=\"column-1\">Maio<\/td><td class=\"column-2\">11 a 15\/05<\/td><td class=\"column-3\">Solda \u2013 Arco El\u00e9trico - Com Eletrodo Revestido<\/td>\n<\/tr>\n<tr class=\"row-15\">\n\t<td class=\"column-1\">Maio<\/td><td class=\"column-2\">11 a 15\/05<\/td><td class=\"column-3\">Vaqueiro - Corte<\/td>\n<\/tr>\n<tr class=\"row-16\">\n\t<td class=\"column-1\">Maio<\/td><td class=\"column-2\">12 a 14\/05<\/td><td class=\"column-3\">Produ\u00e7\u00e3o Artesanal de Alimentos sem Gl\u00faten, Lactose e A\u00e7\u00facares<\/td>\n<\/tr>\n<tr class=\"row-17\">\n\t<td class=\"column-1\">Maio<\/td><td class=\"column-2\">18 a 20\/05<\/td><td class=\"column-3\">Criador de peixes - Tanque Suspenso<\/td>\n<\/tr>\n<tr class=\"row-18\">\n\t<td class=\"column-1\">Maio<\/td><td class=\"column-2\">18 a 22\/05<\/td><td class=\"column-3\">Opera\u00e7\u00e3o e manuten\u00e7\u00e3o do trator<\/td>\n<\/tr>\n<tr class=\"row-19\">\n\t<td class=\"column-1\">Maio<\/td><td class=\"column-2\">21 a 22\/05<\/td><td class=\"column-3\">Seguran\u00e7a no Trabalho - Animais Pe\u00e7onhentos e Venenosos<\/td>\n<\/tr>\n<tr class=\"row-20\">\n\t<td class=\"column-1\">Maio<\/td><td class=\"column-2\">22 a 24\/05<\/td><td class=\"column-3\">Drone - Pulveriza\u00e7\u00e3o de Defensivos Agr\u00edcolas<\/td>\n<\/tr>\n<tr class=\"row-21\">\n\t<td class=\"column-1\">Maio<\/td><td class=\"column-2\">25 a 29\/05<\/td><td class=\"column-3\">Classifica\u00e7\u00e3o e Degusta\u00e7\u00e3o de Caf\u00e9<\/td>\n<\/tr>\n<tr class=\"row-22\">\n\t<td class=\"column-1\">Maio<\/td><td class=\"column-2\">25 a 29\/05<\/td><td class=\"column-3\">P\u00e1 Carregadeira \u2013 Manuten\u00e7\u00e3o e Opera\u00e7\u00e3o<\/td>\n<\/tr>\n<tr class=\"row-23\">\n\t<td class=\"column-1\">Maio<\/td><td class=\"column-2\">25 a 27\/05<\/td><td class=\"column-3\">Solda<\/td>\n<\/tr>\n<tr class=\"row-24\">\n\t<td class=\"column-1\">Junho<\/td><td class=\"column-2\">01 a 03\/06<\/td><td class=\"column-3\">Operador de empilhadeira<\/td>\n<\/tr>\n<tr class=\"row-25\">\n\t<td class=\"column-1\">Junho<\/td><td class=\"column-2\">01 a 05\/06<\/td><td class=\"column-3\">Trator \u2013 Manuten\u00e7\u00e3o e Opera\u00e7\u00e3o<\/td>\n<\/tr>\n<tr class=\"row-26\">\n\t<td class=\"column-1\">Junho<\/td><td class=\"column-2\">08 a 10\/06<\/td><td class=\"column-3\">Cria e Recria de Bezerras<\/td>\n<\/tr>\n<tr class=\"row-27\">\n\t<td class=\"column-1\">Junho<\/td><td class=\"column-2\">16 a 19\/06<\/td><td class=\"column-3\">Produ\u00e7\u00e3o Artesanal de Quitandas Mineiras<\/td>\n<\/tr>\n<tr class=\"row-28\">\n\t<td class=\"column-1\">Junho<\/td><td class=\"column-2\">18 a 20\/06<\/td><td class=\"column-3\">Cria e Recria de Bezerras<\/td>\n<\/tr>\n<tr class=\"row-29\">\n\t<td class=\"column-1\">Junho<\/td><td class=\"column-2\">22 a 24\/06<\/td><td class=\"column-3\">Apicultura - Alimenta\u00e7\u00e3o Suplementar e Manejo de Entressafra<\/td>\n<\/tr>\n<tr class=\"row-30\">\n\t<td class=\"column-1\">Junho<\/td><td class=\"column-2\">30\/06 a 02\/07<\/td><td class=\"column-3\">Produ\u00e7\u00e3o Artesanal de Doce de Leite<\/td>\n<\/tr>\n<\/tbody>\n<\/table>\n<!-- #tablepress-3 from cache -->\t\t\t\t<\/div>\n\t\t\t\t<div class=\"elementor-element elementor-element-f1a5698 elementor-widget elementor-widget-heading\" data-id=\"f1a5698\" data-element_type=\"widget\" data-e-type=\"widget\" data-widget_type=\"heading.default\">\n\t\t\t\t<div class=\"elementor-widget-container\">\n\t\t\t\t\t<h4 class=\"elementor-heading-title elementor-size-default\">informa\u00e7\u00f5es: (34) 3292 8809<\/h4>\t\t\t\t<\/div>\n\t\t\t\t<\/div>\n\t\t\t\t<div class=\"elementor-element elementor-element-6dbf62a6 elementor-widget-divider--view-line elementor-widget elementor-widget-divider\" data-id=\"6dbf62a6\" data-element_type=\"widget\" data-e-type=\"widget\" data-widget_type=\"divider.default\">\n\t\t\t\t<div class=\"elementor-widget-container\">\n\t\t\t\t\t\t\t<div class=\"elementor-divider\">\n\t\t\t<span class=\"elementor-divider-separator\">\n\t\t\t\t\t\t<\/span>\n\t\t<\/div>\n\t\t\t\t\t\t<\/div>\n\t\t\t\t<\/div>\n\t\t\t\t\t<\/div>\n\t\t<\/div>\n\t\t\t\t\t<\/div>\n\t\t<\/section>\n\t\t\t\t<\/div>\n\t\t","protected":false},"excerpt":{"rendered":"<p>cursos Home &nbsp; | &nbsp; cursos Programa\u00e7\u00e3o de cursos Senar Sindicato Rural de Uberl\u00e2ndia informa\u00e7\u00f5es: (34) 3292 8809 Editar M\u00eas Data Curso Abril 08 a 10\/04 Defensivo Agr\u00edcola Manual Abril 23 a 24\/04 Ro\u00e7adeira Abril 27 a 29\/04 Fabrica\u00e7\u00e3o de Doce de Leite Abril 27 a 29\/04 Seguran\u00e7a \/ Trabalho em Altura Abril 29 a [&hellip;]<\/p>\n","protected":false},"author":1,"featured_media":0,"parent":0,"menu_order":0,"comment_status":"closed","ping_status":"closed","template":"elementor_header_footer","meta":{"inline_featured_image":false,"_mi_skip_tracking":false,"_monsterinsights_sitenote_active":false,"_monsterinsights_sitenote_note":"","_monsterinsights_sitenote_category":0,"footnotes":""},"class_list":["post-2820","page","type-page","status-publish","hentry"],"aioseo_notices":[],"_links":{"self":[{"href":"https:\/\/www.camaru.org.br\/sru\/wp-json\/wp\/v2\/pages\/2820","targetHints":{"allow":["GET"]}}],"collection":[{"href":"https:\/\/www.camaru.org.br\/sru\/wp-json\/wp\/v2\/pages"}],"about":[{"href":"https:\/\/www.camaru.org.br\/sru\/wp-json\/wp\/v2\/types\/page"}],"author":[{"embeddable":true,"href":"https:\/\/www.camaru.org.br\/sru\/wp-json\/wp\/v2\/users\/1"}],"replies":[{"embeddable":true,"href":"https:\/\/www.camaru.org.br\/sru\/wp-json\/wp\/v2\/comments?post=2820"}],"version-history":[{"count":12,"href":"https:\/\/www.camaru.org.br\/sru\/wp-json\/wp\/v2\/pages\/2820\/revisions"}],"predecessor-version":[{"id":3028,"href":"https:\/\/www.camaru.org.br\/sru\/wp-json\/wp\/v2\/pages\/2820\/revisions\/3028"}],"wp:attachment":[{"href":"https:\/\/www.camaru.org.br\/sru\/wp-json\/wp\/v2\/media?parent=2820"}],"curies":[{"name":"wp","href":"https:\/\/api.w.org\/{rel}","templated":true}]}}