{"id":502,"date":"2014-12-11T23:41:29","date_gmt":"2014-12-11T23:41:29","guid":{"rendered":"http:\/\/oldblackgallery.com.br\/webtest\/?page_id=502"},"modified":"2022-12-19T21:59:02","modified_gmt":"2022-12-20T00:59:02","slug":"historia","status":"publish","type":"page","link":"https:\/\/www.camaru.org.br\/sru\/historia\/","title":{"rendered":"Hist\u00f3ria"},"content":{"rendered":"\t\t<div data-elementor-type=\"wp-page\" data-elementor-id=\"502\" class=\"elementor elementor-502\">\n\t\t\t\t\t\t<section class=\"elementor-section elementor-top-section elementor-element elementor-element-3af5f60c elementor-section-full_width elementor-section-height-default elementor-section-height-default\" data-id=\"3af5f60c\" data-element_type=\"section\" data-e-type=\"section\">\n\t\t\t\t\t\t<div class=\"elementor-container elementor-column-gap-no\">\n\t\t\t\t\t<div class=\"elementor-column elementor-col-100 elementor-top-column elementor-element elementor-element-3ed6ffe7\" data-id=\"3ed6ffe7\" data-element_type=\"column\" data-e-type=\"column\">\n\t\t\t<div class=\"elementor-widget-wrap elementor-element-populated\">\n\t\t\t\t\t\t<div class=\"elementor-element elementor-element-c232796 elementor-align-left elementor-widget elementor-widget-about-page-header\" data-id=\"c232796\" data-element_type=\"widget\" data-e-type=\"widget\" data-widget_type=\"about-page-header.default\">\n\t\t\t\t<div class=\"elementor-widget-container\">\n\t\t\t\t\t\r\n\t\t\t\t<div class=\"pages-hero\" style=\"background-image: url(https:\/\/www.camaru.org.br\/sru\/wp-content\/uploads\/sites\/4\/2022\/11\/pages-bg.jpg);\">\r\n\t\t\r\n\t\t\t<div class=\"container\">\r\n\r\n\t\t\t\t<div class=\"pages-title\">\r\n\r\n\t\t\t\t\t\t\t\t\t\t<h1>Hist\u00f3ria<\/h1>\r\n\t\t\t\t\t\r\n\t\t\t\t\t<div class=\"page-nav\">\r\n\r\n\t\t\t\t\t\t\t\t\t\t\t\t\t<p><a href=\"https:\/\/www.camaru.org.br\/sru\/\">Home<\/a> &nbsp; | &nbsp; <a>Hist\u00f3ria<\/a><\/p>\r\n\t\t\t\t\t\t\r\n\t\t\t\t\t<\/div>\r\n\r\n\t\t\t\t<\/div>\r\n\r\n\t\t\t<\/div>  \r\n\r\n\t\t<\/div>\r\n\r\n\t\t\t\t\t<\/div>\n\t\t\t\t<\/div>\n\t\t\t\t\t<\/div>\n\t\t<\/div>\n\t\t\t\t\t<\/div>\n\t\t<\/section>\n\t\t\t\t<section class=\"elementor-section elementor-top-section elementor-element elementor-element-f721a17 elementor-section-boxed elementor-section-height-default elementor-section-height-default\" data-id=\"f721a17\" data-element_type=\"section\" data-e-type=\"section\">\n\t\t\t\t\t\t<div class=\"elementor-container elementor-column-gap-wide\">\n\t\t\t\t\t<div class=\"elementor-column elementor-col-100 elementor-top-column elementor-element elementor-element-504bcea\" data-id=\"504bcea\" data-element_type=\"column\" data-e-type=\"column\">\n\t\t\t<div class=\"elementor-widget-wrap elementor-element-populated\">\n\t\t\t\t\t\t<section class=\"elementor-section elementor-inner-section elementor-element elementor-element-2df5587 elementor-section-boxed elementor-section-height-default elementor-section-height-default\" data-id=\"2df5587\" data-element_type=\"section\" data-e-type=\"section\">\n\t\t\t\t\t\t<div class=\"elementor-container elementor-column-gap-wide\">\n\t\t\t\t\t<div class=\"elementor-column elementor-col-50 elementor-inner-column elementor-element elementor-element-35c6bba\" data-id=\"35c6bba\" data-element_type=\"column\" data-e-type=\"column\">\n\t\t\t<div class=\"elementor-widget-wrap elementor-element-populated\">\n\t\t\t\t\t\t<div class=\"elementor-element elementor-element-5c8c11f elementor-widget elementor-widget-image\" data-id=\"5c8c11f\" data-element_type=\"widget\" data-e-type=\"widget\" data-widget_type=\"image.default\">\n\t\t\t\t<div class=\"elementor-widget-container\">\n\t\t\t\t\t\t\t\t\t\t\t\t\t\t\t<img fetchpriority=\"high\" decoding=\"async\" width=\"844\" height=\"617\" src=\"https:\/\/www.camaru.org.br\/sru\/wp-content\/uploads\/sites\/4\/2014\/12\/Parque-de-Exposi\u00e7\u00f5es-B-Martins.png\" class=\"attachment-large size-large wp-image-893\" alt=\"\" srcset=\"https:\/\/www.camaru.org.br\/sru\/wp-content\/uploads\/sites\/4\/2014\/12\/Parque-de-Exposi\u00e7\u00f5es-B-Martins.png 844w, https:\/\/www.camaru.org.br\/sru\/wp-content\/uploads\/sites\/4\/2014\/12\/Parque-de-Exposi\u00e7\u00f5es-B-Martins-300x219.png 300w, https:\/\/www.camaru.org.br\/sru\/wp-content\/uploads\/sites\/4\/2014\/12\/Parque-de-Exposi\u00e7\u00f5es-B-Martins-768x561.png 768w\" sizes=\"(max-width: 844px) 100vw, 844px\" \/>\t\t\t\t\t\t\t\t\t\t\t\t\t\t\t<\/div>\n\t\t\t\t<\/div>\n\t\t\t\t<div class=\"elementor-element elementor-element-6d5de1d9 elementor-widget elementor-widget-text-editor\" data-id=\"6d5de1d9\" data-element_type=\"widget\" data-e-type=\"widget\" data-widget_type=\"text-editor.default\">\n\t\t\t\t<div class=\"elementor-widget-container\">\n\t\t\t\t\t\t\t\t\t<p class=\"wp-caption-text\" style=\"text-align: justify;\">Parque de Exposi\u00e7\u00f5es Agropecu\u00e1rias (1936), situado na Avenida Vasconcelos Costa, no bairro Martins, quando foi realizada a primeira Exposi\u00e7\u00e3o Agropecu\u00e1ria de Uberl\u00e2ndia<\/p><p style=\"text-align: justify;\">As primeiras exposi\u00e7\u00f5es agropecu\u00e1rias de Uberl\u00e2ndia aconteceram, no in\u00edcio da d\u00e9cada de 30, como pequenas mostras de gado nos fundos da Santa Casa de Miseric\u00f3rdia, que ficava na Avenida Floriano Peixoto, no centro da cidade. O local n\u00e3o era apropriado para receber grande p\u00fablico, muito menos compat\u00edvel com o perfil desenvolvimentista de l\u00edderes pecuaristas da \u00e9poca. Em poucos anos a Associa\u00e7\u00e3o Comercial, Industrial e Agropecu\u00e1ria de Uberl\u00e2ndia \u2013 ACIAPU &#8211; (1933) &#8211; hoje ACIUB, fundou o Parque de Exposi\u00e7\u00f5es Agropecu\u00e1rias (1936), situado na Avenida Vasconcelos Costa, no bairro Martins, quando foi realizada a primeira Exposi\u00e7\u00e3o Agropecu\u00e1ria de Uberl\u00e2ndia.<\/p><p style=\"text-align: justify;\">O local, na \u00e9poca afastado da regi\u00e3o central, comportou as feiras agropecu\u00e1rias da cidade com exposi\u00e7\u00f5es de animais, mostra de produtos e shows, durante 45 anos. Em meados dos anos 60, um grupo de pecuaristas da ACIAPU tomou a iniciativa de criar uma Associa\u00e7\u00e3o Rural, com o apoio da Associa\u00e7\u00e3o Comercial e Industrial, desmembrando as duas importantes entidades. Foi, portanto, em 1965, por determina\u00e7\u00e3o da Lei Federal 4.214, que a Associa\u00e7\u00e3o mudou seu nome para Sindicato Rural de Uberl\u00e2ndia.<\/p>\t\t\t\t\t\t\t\t<\/div>\n\t\t\t\t<\/div>\n\t\t\t\t\t<\/div>\n\t\t<\/div>\n\t\t\t\t<div class=\"elementor-column elementor-col-50 elementor-inner-column elementor-element elementor-element-819813b\" data-id=\"819813b\" data-element_type=\"column\" data-e-type=\"column\">\n\t\t\t<div class=\"elementor-widget-wrap elementor-element-populated\">\n\t\t\t\t\t\t<div class=\"elementor-element elementor-element-d8530d1 elementor-widget elementor-widget-text-editor\" data-id=\"d8530d1\" data-element_type=\"widget\" data-e-type=\"widget\" data-widget_type=\"text-editor.default\">\n\t\t\t\t<div class=\"elementor-widget-container\">\n\t\t\t\t\t\t\t\t\t<p style=\"text-align: justify;\">O desenvolvimento da cidade n\u00e3o parou desde ent\u00e3o. Logo, com a urbaniza\u00e7\u00e3o, o parque situado no bairro Martins foi rodeado por im\u00f3veis residenciais. O ambiente se tornou pequeno e impr\u00f3prio para as atividades desenvolvidas na \u00e9poca. Novamente o progresso for\u00e7ou a entidade a mudar o local do parque de exposi\u00e7\u00f5es. Foi ent\u00e3o que , em 1982, o Sindicato Rural de Uberl\u00e2ndia, na gest\u00e3o de Walter Alves Carneiro, construiu na regi\u00e3o sul da cidade o <strong>\u201cCentro de Amostra e Aprendizagem Rural de Uberl\u00e2ndia\u201d, <\/strong>o Camaru nome do atual parque de exposi\u00e7\u00f5es da cidade. O espa\u00e7o foi inaugurado em 1982 em uma \u00e1rea remota para a \u00e9poca e longe dos centros urbanos mais populosos. Sua principal finalidade era servir ao produtor rural como espa\u00e7o para demonstra\u00e7\u00e3o dos resultados das atividades desenvolvidas no campo.<\/p><p style=\"text-align: justify;\">O local se mant\u00e9m fiel \u00e0 sua atividade inicial, entretanto, n\u00e3o mais em regi\u00e3o remota. O bairro Pampulha se desenvolveu e o parque Camaru atualmente se encontra dentro da cidade cercado por \u00e1reas residenciais. Ao longo dos anos, desde que foi fundado, o Sindicato Rural de Uberl\u00e2ndia sempre contou com a dedica\u00e7\u00e3o e devotamento de seus diretores, para se tornar uma entidade forte, atuante e representativa. As exposi\u00e7\u00f5es agropecu\u00e1rias da cidade congregam criadores, produtores rurais dos mais diversos segmentos, gerando trabalho, riquezas e renda para as fam\u00edlias.<\/p><p style=\"text-align: justify;\">A feira agropecu\u00e1ria conhecida nacionalmente como Camaru \u00e9 o maior evento do segmento na regi\u00e3o e acontece todos os anos nos meses de agosto e setembro em comemora\u00e7\u00e3o ao anivers\u00e1rio do munic\u00edpio. O Sindicato Rural de Uberl\u00e2ndia, \u00fanico realizador do evento, em parceria com produtores art\u00edsticos, promove a feira que normalmente t\u00eam entre 10 e 12 dias para proporcionar bons neg\u00f3cios para produtores rurais e lazer para as fam\u00edlias. O n\u00famero de visitantes que passam pelo parque ao longo deste per\u00edodo ultrapassa os 400 mil, sendo que mais da metade entra no evento sem pagamento de ingresso, pois al\u00e9m dos feriados de 31 de agosto e 7 de setembro, quando os port\u00f5es do parque s\u00e3o abertos para a popula\u00e7\u00e3o ter acesso gratuito, mais 4 dias de feira s\u00e3o realizados sem a cobran\u00e7a de ingresso. Nesses dias, os visitantes t\u00eam acesso a conte\u00fado cultural, podem conhecer melhor as atividades agropecu\u00e1rias da regi\u00e3o, como a cria\u00e7\u00e3o de bovinos e equinos, participam de iniciativas como o Torneio Leiteiro, que gera grandes campe\u00f5es mundiais agregando valor nos plant\u00e9is de expositores. Al\u00e9m disso, cursos gastron\u00f4micos, como mais recentemente o concurso do Queijo Minas Artesanal, realizado em 2015, quando os vencedores puderam incrementar o valor do seu produto final em cerca de 50% ap\u00f3s conquistar em t\u00edtulo dentro da feira.<\/p><p style=\"text-align: justify;\">O Camaru \u00e9 um evento de lazer e entretenimento, mas tamb\u00e9m de neg\u00f3cios. Cerca de 80 empresas expositoras, al\u00e9m de criadores de animais geram cerca de 1500 empregos diretos. S\u00e3o pessoas que trabalham durante a feira, seja no ramo de alimenta\u00e7\u00e3o, manejo com animais, servi\u00e7os gerais, shows entre outros. O evento ainda gera aproximadamente mais 4 mil empregos indiretos no setor de log\u00edstica, hotelaria, alimenta\u00e7\u00e3o, comunica\u00e7\u00e3o, seguran\u00e7a e moda.<\/p>\t\t\t\t\t\t\t\t<\/div>\n\t\t\t\t<\/div>\n\t\t\t\t\t<\/div>\n\t\t<\/div>\n\t\t\t\t\t<\/div>\n\t\t<\/section>\n\t\t\t\t\t<\/div>\n\t\t<\/div>\n\t\t\t\t\t<\/div>\n\t\t<\/section>\n\t\t\t\t<\/div>\n\t\t","protected":false},"excerpt":{"rendered":"<p>Hist\u00f3ria Home &nbsp; | &nbsp; Hist\u00f3ria Parque de Exposi\u00e7\u00f5es Agropecu\u00e1rias (1936), situado na Avenida Vasconcelos Costa, no bairro Martins, quando foi realizada a primeira Exposi\u00e7\u00e3o Agropecu\u00e1ria de Uberl\u00e2ndia As primeiras exposi\u00e7\u00f5es agropecu\u00e1rias de Uberl\u00e2ndia aconteceram, no in\u00edcio da d\u00e9cada de 30, como pequenas mostras de gado nos fundos da Santa Casa de Miseric\u00f3rdia, que ficava [&hellip;]<\/p>\n","protected":false},"author":1,"featured_media":2020,"parent":0,"menu_order":0,"comment_status":"closed","ping_status":"closed","template":"page-templates\/home.php","meta":{"inline_featured_image":false,"_mi_skip_tracking":false,"_monsterinsights_sitenote_active":false,"_monsterinsights_sitenote_note":"","_monsterinsights_sitenote_category":0,"footnotes":""},"class_list":["post-502","page","type-page","status-publish","has-post-thumbnail","hentry"],"aioseo_notices":[],"_links":{"self":[{"href":"https:\/\/www.camaru.org.br\/sru\/wp-json\/wp\/v2\/pages\/502","targetHints":{"allow":["GET"]}}],"collection":[{"href":"https:\/\/www.camaru.org.br\/sru\/wp-json\/wp\/v2\/pages"}],"about":[{"href":"https:\/\/www.camaru.org.br\/sru\/wp-json\/wp\/v2\/types\/page"}],"author":[{"embeddable":true,"href":"https:\/\/www.camaru.org.br\/sru\/wp-json\/wp\/v2\/users\/1"}],"replies":[{"embeddable":true,"href":"https:\/\/www.camaru.org.br\/sru\/wp-json\/wp\/v2\/comments?post=502"}],"version-history":[{"count":28,"href":"https:\/\/www.camaru.org.br\/sru\/wp-json\/wp\/v2\/pages\/502\/revisions"}],"predecessor-version":[{"id":2363,"href":"https:\/\/www.camaru.org.br\/sru\/wp-json\/wp\/v2\/pages\/502\/revisions\/2363"}],"wp:featuredmedia":[{"embeddable":true,"href":"https:\/\/www.camaru.org.br\/sru\/wp-json\/wp\/v2\/media\/2020"}],"wp:attachment":[{"href":"https:\/\/www.camaru.org.br\/sru\/wp-json\/wp\/v2\/media?parent=502"}],"curies":[{"name":"wp","href":"https:\/\/api.w.org\/{rel}","templated":true}]}}