{"id":504,"date":"2014-12-11T23:41:43","date_gmt":"2014-12-11T23:41:43","guid":{"rendered":"http:\/\/oldblackgallery.com.br\/webtest\/?page_id=504"},"modified":"2025-03-05T12:14:05","modified_gmt":"2025-03-05T15:14:05","slug":"diretoria","status":"publish","type":"page","link":"https:\/\/www.camaru.org.br\/sru\/diretoria\/","title":{"rendered":"Diretoria"},"content":{"rendered":"\t\t<div data-elementor-type=\"wp-page\" data-elementor-id=\"504\" class=\"elementor elementor-504\">\n\t\t\t\t\t\t<section class=\"elementor-section elementor-top-section elementor-element elementor-element-4d7f672a elementor-section-full_width elementor-section-height-default elementor-section-height-default\" data-id=\"4d7f672a\" data-element_type=\"section\" data-e-type=\"section\">\n\t\t\t\t\t\t<div class=\"elementor-container elementor-column-gap-no\">\n\t\t\t\t\t<div class=\"elementor-column elementor-col-100 elementor-top-column elementor-element elementor-element-1d8066f8\" data-id=\"1d8066f8\" data-element_type=\"column\" data-e-type=\"column\">\n\t\t\t<div class=\"elementor-widget-wrap elementor-element-populated\">\n\t\t\t\t\t\t<div class=\"elementor-element elementor-element-63dc2f8f elementor-align-left elementor-widget elementor-widget-about-page-header\" data-id=\"63dc2f8f\" data-element_type=\"widget\" data-e-type=\"widget\" data-widget_type=\"about-page-header.default\">\n\t\t\t\t<div class=\"elementor-widget-container\">\n\t\t\t\t\t\r\n\t\t\t\t<div class=\"pages-hero\" style=\"background-image: url(https:\/\/www.camaru.org.br\/sru\/wp-content\/uploads\/sites\/4\/2022\/11\/fachadaSRU.jpg);\">\r\n\t\t\r\n\t\t\t<div class=\"container\">\r\n\r\n\t\t\t\t<div class=\"pages-title\">\r\n\r\n\t\t\t\t\t\t\t\t\t\t<h1>Diretoria<\/h1>\r\n\t\t\t\t\t\r\n\t\t\t\t\t<div class=\"page-nav\">\r\n\r\n\t\t\t\t\t\t\t\t\t\t\t\t\t<p><a href=\"https:\/\/www.camaru.org.br\/sru\/\">Home<\/a> &nbsp; | &nbsp; <a>Diretoria<\/a><\/p>\r\n\t\t\t\t\t\t\r\n\t\t\t\t\t<\/div>\r\n\r\n\t\t\t\t<\/div>\r\n\r\n\t\t\t<\/div>  \r\n\r\n\t\t<\/div>\r\n\r\n\t\t\t\t\t<\/div>\n\t\t\t\t<\/div>\n\t\t\t\t\t<\/div>\n\t\t<\/div>\n\t\t\t\t\t<\/div>\n\t\t<\/section>\n\t\t\t\t<section class=\"elementor-section elementor-top-section elementor-element elementor-element-31624627 elementor-section-boxed elementor-section-height-default elementor-section-height-default\" data-id=\"31624627\" data-element_type=\"section\" data-e-type=\"section\">\n\t\t\t\t\t\t<div class=\"elementor-container elementor-column-gap-wide\">\n\t\t\t\t\t<div class=\"elementor-column elementor-col-100 elementor-top-column elementor-element elementor-element-106c485c\" data-id=\"106c485c\" data-element_type=\"column\" data-e-type=\"column\">\n\t\t\t<div class=\"elementor-widget-wrap elementor-element-populated\">\n\t\t\t\t\t\t<section class=\"elementor-section elementor-inner-section elementor-element elementor-element-695e3835 elementor-section-boxed elementor-section-height-default elementor-section-height-default\" data-id=\"695e3835\" data-element_type=\"section\" data-e-type=\"section\">\n\t\t\t\t\t\t<div class=\"elementor-container elementor-column-gap-wide\">\n\t\t\t\t\t<div class=\"elementor-column elementor-col-33 elementor-inner-column elementor-element elementor-element-1eecf02e\" data-id=\"1eecf02e\" data-element_type=\"column\" data-e-type=\"column\">\n\t\t\t<div class=\"elementor-widget-wrap elementor-element-populated\">\n\t\t\t\t\t\t<div class=\"elementor-element elementor-element-eff09fe elementor-widget elementor-widget-text-editor\" data-id=\"eff09fe\" data-element_type=\"widget\" data-e-type=\"widget\" data-widget_type=\"text-editor.default\">\n\t\t\t\t<div class=\"elementor-widget-container\">\n\t\t\t\t\t\t\t\t\t<h2>DIRETORIA<\/h2><p>Thiago Soares Fonseca (presidente)<\/p><p>Claudionor Nunes de Morais\u00a0\u00a0\u00a0\u00a0 (2\u00ba Vice Presidente)<\/p><p>Leon Bernardo Knychala\u00a0\u00a0\u00a0\u00a0\u00a0\u00a0\u00a0\u00a0\u00a0\u00a0\u00a0\u00a0\u00a0 (1\u00ba Tesoureiro)<\/p><p>Zorival Tavares Carneiro\u00a0\u00a0\u00a0\u00a0\u00a0\u00a0\u00a0\u00a0\u00a0\u00a0\u00a0\u00a0\u00a0 (2\u00ba Tesoureiro)<\/p><p>Roger Crosara Mansour\u00a0\u00a0\u00a0\u00a0\u00a0\u00a0\u00a0\u00a0\u00a0\u00a0\u00a0\u00a0\u00a0\u00a0 (3\u00ba Tesoureiro)<\/p><p>Gilmar Goudard\u00a0\u00a0\u00a0\u00a0\u00a0\u00a0\u00a0\u00a0\u00a0\u00a0\u00a0\u00a0\u00a0\u00a0 (1\u00ba Secret\u00e1rio)<\/p><p>Andr\u00e9 Luiz Alves dos Santos\u00a0\u00a0\u00a0\u00a0\u00a0 (2\u00ba Secret\u00e1rio)<\/p><p><span style=\"color: var(--main-text-color);font-family: 'Open Sans', sans-serif;font-size: 14px;font-weight: 400\">Gabriel Feres Junqueira\u00a0\u00a0\u00a0\u00a0\u00a0\u00a0\u00a0\u00a0\u00a0\u00a0\u00a0\u00a0\u00a0\u00a0 (3\u00ba Secret\u00e1rio)<\/span><\/p>\t\t\t\t\t\t\t\t<\/div>\n\t\t\t\t<\/div>\n\t\t\t\t\t<\/div>\n\t\t<\/div>\n\t\t\t\t<div class=\"elementor-column elementor-col-33 elementor-inner-column elementor-element elementor-element-f72242f\" data-id=\"f72242f\" data-element_type=\"column\" data-e-type=\"column\">\n\t\t\t<div class=\"elementor-widget-wrap elementor-element-populated\">\n\t\t\t\t\t\t<div class=\"elementor-element elementor-element-3a917f7 elementor-widget elementor-widget-text-editor\" data-id=\"3a917f7\" data-element_type=\"widget\" data-e-type=\"widget\" data-widget_type=\"text-editor.default\">\n\t\t\t\t<div class=\"elementor-widget-container\">\n\t\t\t\t\t\t\t\t\t<h2>SUPLENTES DA DIRETORIA<\/h2><p>Caio Gontijo Cunha<span style=\"color: var(--main-text-color);font-family: 'Open Sans', sans-serif;font-size: 14px;font-weight: 400\">\u00a0 \u00a0\u00a0<\/span><\/p><p class=\"MsoNormal\">Pedro Roberto de Oliveira Junior\u00a0\u00a0\u00a0\u00a0\u00a0\u00a0\u00a0\u00a0\u00a0\u00a0\u00a0<\/p><p class=\"MsoNormal\">Vale do Tijuco A\u00e7\u00facar e \u00c1lcool S.A. (Representada por por Carlos Eduardo Turchetto Santos).\u00a0<\/p><p class=\"MsoNormal\">Jos\u00e9 Augusto Franco Vilela\u00a0\u00a0\u00a0\u00a0\u00a0\u00a0\u00a0\u00a0<\/p><p class=\"MsoNormal\">F\u00e1bio Badar\u00f3\u00a0\u00a0\u00a0\u00a0<\/p><p class=\"MsoNormal\">Gilvan Sorna de Paula\u00a0\u00a0<\/p><p class=\"MsoNormal\">Fl\u00e1vio Nunes Martins\u00a0\u00a0\u00a0<\/p><p class=\"MsoNormal\">Otaviano Maradei Carneiro de Rezende\u00a0\u00a0\u00a0\u00a0\u00a0\u00a0\u00a0\u00a0\u00a0\u00a0\u00a0\u00a0\u00a0<\/p><p class=\"MsoNormal\">Cristiane Maria de Castro\u00a0 \u00a0 \u00a0 \u00a0 \u00a0 \u00a0\u00a0<\/p>\t\t\t\t\t\t\t\t<\/div>\n\t\t\t\t<\/div>\n\t\t\t\t\t<\/div>\n\t\t<\/div>\n\t\t\t\t<div class=\"elementor-column elementor-col-33 elementor-inner-column elementor-element elementor-element-7c7e2292\" data-id=\"7c7e2292\" data-element_type=\"column\" data-e-type=\"column\">\n\t\t\t<div class=\"elementor-widget-wrap elementor-element-populated\">\n\t\t\t\t\t\t<div class=\"elementor-element elementor-element-16dd798b elementor-widget elementor-widget-text-editor\" data-id=\"16dd798b\" data-element_type=\"widget\" data-e-type=\"widget\" data-widget_type=\"text-editor.default\">\n\t\t\t\t<div class=\"elementor-widget-container\">\n\t\t\t\t\t\t\t\t\t<h2>CONSELHO FISCAL<\/h2><p><span style=\"color: var(--main-text-color);font-family: 'Open Sans', sans-serif;font-size: 14px;font-weight: 400\">Jos\u00e9 Ant\u00f4nio Rossi Salles<\/span><span style=\"color: var(--main-text-color);font-family: 'Open Sans', sans-serif;font-size: 14px;font-weight: 400\">\u00a0 \u00a0 \u00a0 \u00a0 \u00a0 \u00a0\u00a0<\/span><\/p><p>J\u00falio Cesar Pereira Junior\u00a0<\/p><p><span style=\"color: var(--main-text-color);font-family: 'Open Sans', sans-serif;font-size: 14px;font-weight: 400\">Luis Francisco dos Santos Alvim<\/span><span style=\"color: var(--main-text-color);font-family: 'Open Sans', sans-serif;font-size: 14px;font-weight: 400\">\u00a0 \u00a0 \u00a0 \u00a0 \u00a0 \u00a0 \u00a0 \u00a0<\/span>\u00a0 \u00a0 \u00a0\u00a0<\/p><p><span style=\"text-transform: uppercase;color: var(--main-text-color);font-family: 'Open Sans', sans-serif;font-size: 14px;font-weight: 400\">\u00a0<\/span><span style=\"color: var(--main-dark-color);font-family: Raleway, sans-serif;font-size: 2rem;font-weight: 900;text-transform: uppercase\">SUPLENTES DO CONSELHO FISCAL<\/span><\/p><p>Clistenes S\u00e1bio Proc\u00f3pio<\/p><p>Lucas Abdala Rocha Fontes<\/p><p>\u00a0<\/p>\t\t\t\t\t\t\t\t<\/div>\n\t\t\t\t<\/div>\n\t\t\t\t\t<\/div>\n\t\t<\/div>\n\t\t\t\t\t<\/div>\n\t\t<\/section>\n\t\t\t\t\t<\/div>\n\t\t<\/div>\n\t\t\t\t\t<\/div>\n\t\t<\/section>\n\t\t\t\t<\/div>\n\t\t","protected":false},"excerpt":{"rendered":"<p>Diretoria Home &nbsp; | &nbsp; Diretoria DIRETORIA Thiago Soares Fonseca (presidente) Claudionor Nunes de Morais\u00a0\u00a0\u00a0\u00a0 (2\u00ba Vice Presidente) Leon Bernardo Knychala\u00a0\u00a0\u00a0\u00a0\u00a0\u00a0\u00a0\u00a0\u00a0\u00a0\u00a0\u00a0\u00a0 (1\u00ba Tesoureiro) Zorival Tavares Carneiro\u00a0\u00a0\u00a0\u00a0\u00a0\u00a0\u00a0\u00a0\u00a0\u00a0\u00a0\u00a0\u00a0 (2\u00ba Tesoureiro) Roger Crosara Mansour\u00a0\u00a0\u00a0\u00a0\u00a0\u00a0\u00a0\u00a0\u00a0\u00a0\u00a0\u00a0\u00a0\u00a0 (3\u00ba Tesoureiro) Gilmar Goudard\u00a0\u00a0\u00a0\u00a0\u00a0\u00a0\u00a0\u00a0\u00a0\u00a0\u00a0\u00a0\u00a0\u00a0 (1\u00ba Secret\u00e1rio) Andr\u00e9 Luiz Alves dos Santos\u00a0\u00a0\u00a0\u00a0\u00a0 (2\u00ba Secret\u00e1rio) Gabriel Feres Junqueira\u00a0\u00a0\u00a0\u00a0\u00a0\u00a0\u00a0\u00a0\u00a0\u00a0\u00a0\u00a0\u00a0\u00a0 (3\u00ba Secret\u00e1rio) SUPLENTES DA DIRETORIA Caio Gontijo Cunha\u00a0 [&hellip;]<\/p>\n","protected":false},"author":1,"featured_media":1975,"parent":0,"menu_order":0,"comment_status":"closed","ping_status":"closed","template":"page-templates\/home.php","meta":{"inline_featured_image":false,"_mi_skip_tracking":false,"_monsterinsights_sitenote_active":false,"_monsterinsights_sitenote_note":"","_monsterinsights_sitenote_category":0,"footnotes":""},"class_list":["post-504","page","type-page","status-publish","has-post-thumbnail","hentry"],"aioseo_notices":[],"_links":{"self":[{"href":"https:\/\/www.camaru.org.br\/sru\/wp-json\/wp\/v2\/pages\/504","targetHints":{"allow":["GET"]}}],"collection":[{"href":"https:\/\/www.camaru.org.br\/sru\/wp-json\/wp\/v2\/pages"}],"about":[{"href":"https:\/\/www.camaru.org.br\/sru\/wp-json\/wp\/v2\/types\/page"}],"author":[{"embeddable":true,"href":"https:\/\/www.camaru.org.br\/sru\/wp-json\/wp\/v2\/users\/1"}],"replies":[{"embeddable":true,"href":"https:\/\/www.camaru.org.br\/sru\/wp-json\/wp\/v2\/comments?post=504"}],"version-history":[{"count":36,"href":"https:\/\/www.camaru.org.br\/sru\/wp-json\/wp\/v2\/pages\/504\/revisions"}],"predecessor-version":[{"id":2796,"href":"https:\/\/www.camaru.org.br\/sru\/wp-json\/wp\/v2\/pages\/504\/revisions\/2796"}],"wp:featuredmedia":[{"embeddable":true,"href":"https:\/\/www.camaru.org.br\/sru\/wp-json\/wp\/v2\/media\/1975"}],"wp:attachment":[{"href":"https:\/\/www.camaru.org.br\/sru\/wp-json\/wp\/v2\/media?parent=504"}],"curies":[{"name":"wp","href":"https:\/\/api.w.org\/{rel}","templated":true}]}}