{"id":516,"date":"2014-12-11T23:44:05","date_gmt":"2014-12-11T23:44:05","guid":{"rendered":"http:\/\/oldblackgallery.com.br\/webtest\/?page_id=516"},"modified":"2023-01-31T14:40:38","modified_gmt":"2023-01-31T17:40:38","slug":"locacoes","status":"publish","type":"page","link":"https:\/\/www.camaru.org.br\/sru\/locacoes\/","title":{"rendered":"Loca\u00e7\u00f5es"},"content":{"rendered":"\t\t<div data-elementor-type=\"wp-page\" data-elementor-id=\"516\" class=\"elementor elementor-516\">\n\t\t\t\t\t\t<section class=\"elementor-section elementor-top-section elementor-element elementor-element-62bb2161 elementor-section-full_width elementor-section-height-default elementor-section-height-default\" data-id=\"62bb2161\" data-element_type=\"section\" data-e-type=\"section\">\n\t\t\t\t\t\t<div class=\"elementor-container elementor-column-gap-no\">\n\t\t\t\t\t<div class=\"elementor-column elementor-col-100 elementor-top-column elementor-element elementor-element-77297901\" data-id=\"77297901\" data-element_type=\"column\" data-e-type=\"column\">\n\t\t\t<div class=\"elementor-widget-wrap elementor-element-populated\">\n\t\t\t\t\t\t<div class=\"elementor-element elementor-element-352cc11c elementor-align-left elementor-widget elementor-widget-about-page-header\" data-id=\"352cc11c\" data-element_type=\"widget\" data-e-type=\"widget\" data-widget_type=\"about-page-header.default\">\n\t\t\t\t<div class=\"elementor-widget-container\">\n\t\t\t\t\t\r\n\t\t\t\t<div class=\"pages-hero\" style=\"background-image: url(https:\/\/www.camaru.org.br\/sru\/wp-content\/uploads\/sites\/4\/2014\/12\/Geral-parque.jpg);\">\r\n\t\t\r\n\t\t\t<div class=\"container\">\r\n\r\n\t\t\t\t<div class=\"pages-title\">\r\n\r\n\t\t\t\t\t\t\t\t\t\t<h1>Loca\u00e7\u00f5es<\/h1>\r\n\t\t\t\t\t\r\n\t\t\t\t\t<div class=\"page-nav\">\r\n\r\n\t\t\t\t\t\t\t\t\t\t\t\t\t<p><a href=\"https:\/\/www.camaru.org.br\/sru\/\">Home<\/a> &nbsp; | &nbsp; <a>Loca\u00e7\u00f5es<\/a><\/p>\r\n\t\t\t\t\t\t\r\n\t\t\t\t\t<\/div>\r\n\r\n\t\t\t\t<\/div>\r\n\r\n\t\t\t<\/div>  \r\n\r\n\t\t<\/div>\r\n\r\n\t\t\t\t\t<\/div>\n\t\t\t\t<\/div>\n\t\t\t\t\t<\/div>\n\t\t<\/div>\n\t\t\t\t\t<\/div>\n\t\t<\/section>\n\t\t\t\t<section class=\"elementor-section elementor-top-section elementor-element elementor-element-26237fb3 elementor-section-boxed elementor-section-height-default elementor-section-height-default\" data-id=\"26237fb3\" data-element_type=\"section\" data-e-type=\"section\">\n\t\t\t\t\t\t<div class=\"elementor-container elementor-column-gap-wide\">\n\t\t\t\t\t<div class=\"elementor-column elementor-col-100 elementor-top-column elementor-element elementor-element-3d8925dc\" data-id=\"3d8925dc\" data-element_type=\"column\" data-e-type=\"column\">\n\t\t\t<div class=\"elementor-widget-wrap elementor-element-populated\">\n\t\t\t\t\t\t<section class=\"elementor-section elementor-inner-section elementor-element elementor-element-2296dc2 elementor-section-boxed elementor-section-height-default elementor-section-height-default\" data-id=\"2296dc2\" data-element_type=\"section\" data-e-type=\"section\">\n\t\t\t\t\t\t<div class=\"elementor-container elementor-column-gap-wide\">\n\t\t\t\t\t<div class=\"elementor-column elementor-col-50 elementor-inner-column elementor-element elementor-element-425d97c\" data-id=\"425d97c\" data-element_type=\"column\" data-e-type=\"column\">\n\t\t\t<div class=\"elementor-widget-wrap elementor-element-populated\">\n\t\t\t\t\t\t<div class=\"elementor-element elementor-element-eb9e4d4 elementor-widget elementor-widget-image\" data-id=\"eb9e4d4\" data-element_type=\"widget\" data-e-type=\"widget\" data-widget_type=\"image.default\">\n\t\t\t\t<div class=\"elementor-widget-container\">\n\t\t\t\t\t\t\t\t\t\t\t\t\t\t\t<img fetchpriority=\"high\" decoding=\"async\" width=\"900\" height=\"506\" src=\"https:\/\/www.camaru.org.br\/sru\/wp-content\/uploads\/sites\/4\/2014\/12\/Geral-parque-1024x576.jpg\" class=\"attachment-large size-large wp-image-897\" alt=\"\" srcset=\"https:\/\/www.camaru.org.br\/sru\/wp-content\/uploads\/sites\/4\/2014\/12\/Geral-parque-1024x576.jpg 1024w, https:\/\/www.camaru.org.br\/sru\/wp-content\/uploads\/sites\/4\/2014\/12\/Geral-parque-300x169.jpg 300w, https:\/\/www.camaru.org.br\/sru\/wp-content\/uploads\/sites\/4\/2014\/12\/Geral-parque-768x432.jpg 768w, https:\/\/www.camaru.org.br\/sru\/wp-content\/uploads\/sites\/4\/2014\/12\/Geral-parque-1536x864.jpg 1536w, https:\/\/www.camaru.org.br\/sru\/wp-content\/uploads\/sites\/4\/2014\/12\/Geral-parque.jpg 1600w\" sizes=\"(max-width: 900px) 100vw, 900px\" \/>\t\t\t\t\t\t\t\t\t\t\t\t\t\t\t<\/div>\n\t\t\t\t<\/div>\n\t\t\t\t\t<\/div>\n\t\t<\/div>\n\t\t\t\t<div class=\"elementor-column elementor-col-50 elementor-inner-column elementor-element elementor-element-6157d8f\" data-id=\"6157d8f\" data-element_type=\"column\" data-e-type=\"column\">\n\t\t\t<div class=\"elementor-widget-wrap elementor-element-populated\">\n\t\t\t\t\t\t<div class=\"elementor-element elementor-element-19c12344 elementor-widget elementor-widget-text-editor\" data-id=\"19c12344\" data-element_type=\"widget\" data-e-type=\"widget\" data-widget_type=\"text-editor.default\">\n\t\t\t\t<div class=\"elementor-widget-container\">\n\t\t\t\t\t\t\t\t\t<p style=\"text-align: justify\">O parque de exposi\u00e7\u00f5es Camaru possui estrutura para receber eventos de neg\u00f3cios como feiras e exposi\u00e7\u00f5es, esportes equestres, palestras, eventos sociais e de entretenimento como festas, shows e apresenta\u00e7\u00f5es culturais. Para informa\u00e7\u00f5es sobre a estrutura do parque, <a href=\"https:\/\/www.camaru.org.br\/sru\/instalacoes\/\">clique aqui<\/a>.<\/p><p style=\"text-align: justify\">Para mais informa\u00e7\u00f5es sobre valores de loca\u00e7\u00e3o e disponibilidade de datas, consultar o Sindicato Rural de Uberl\u00e2ndia pelo telefone (34) 3292 8840 ou pelo e-mail comercial@camaru.org.br.<\/p><p style=\"text-align: justify\">Associados ao Sindicato Rural de Uberl\u00e2ndia tem desconto no valor das loca\u00e7\u00f5es dos espa\u00e7os.<\/p><p style=\"text-align: justify\">\u00a0<\/p>\t\t\t\t\t\t\t\t<\/div>\n\t\t\t\t<\/div>\n\t\t\t\t\t<\/div>\n\t\t<\/div>\n\t\t\t\t\t<\/div>\n\t\t<\/section>\n\t\t\t\t\t<\/div>\n\t\t<\/div>\n\t\t\t\t\t<\/div>\n\t\t<\/section>\n\t\t\t\t<\/div>\n\t\t","protected":false},"excerpt":{"rendered":"<p>Loca\u00e7\u00f5es Home &nbsp; | &nbsp; Loca\u00e7\u00f5es O parque de exposi\u00e7\u00f5es Camaru possui estrutura para receber eventos de neg\u00f3cios como feiras e exposi\u00e7\u00f5es, esportes equestres, palestras, eventos sociais e de entretenimento como festas, shows e apresenta\u00e7\u00f5es culturais. Para informa\u00e7\u00f5es sobre a estrutura do parque, clique aqui. Para mais informa\u00e7\u00f5es sobre valores de loca\u00e7\u00e3o e disponibilidade de [&hellip;]<\/p>\n","protected":false},"author":1,"featured_media":897,"parent":0,"menu_order":0,"comment_status":"closed","ping_status":"closed","template":"elementor_header_footer","meta":{"inline_featured_image":false,"_mi_skip_tracking":false,"_monsterinsights_sitenote_active":false,"_monsterinsights_sitenote_note":"","_monsterinsights_sitenote_category":0,"footnotes":""},"class_list":["post-516","page","type-page","status-publish","has-post-thumbnail","hentry"],"aioseo_notices":[],"_links":{"self":[{"href":"https:\/\/www.camaru.org.br\/sru\/wp-json\/wp\/v2\/pages\/516","targetHints":{"allow":["GET"]}}],"collection":[{"href":"https:\/\/www.camaru.org.br\/sru\/wp-json\/wp\/v2\/pages"}],"about":[{"href":"https:\/\/www.camaru.org.br\/sru\/wp-json\/wp\/v2\/types\/page"}],"author":[{"embeddable":true,"href":"https:\/\/www.camaru.org.br\/sru\/wp-json\/wp\/v2\/users\/1"}],"replies":[{"embeddable":true,"href":"https:\/\/www.camaru.org.br\/sru\/wp-json\/wp\/v2\/comments?post=516"}],"version-history":[{"count":12,"href":"https:\/\/www.camaru.org.br\/sru\/wp-json\/wp\/v2\/pages\/516\/revisions"}],"predecessor-version":[{"id":2528,"href":"https:\/\/www.camaru.org.br\/sru\/wp-json\/wp\/v2\/pages\/516\/revisions\/2528"}],"wp:featuredmedia":[{"embeddable":true,"href":"https:\/\/www.camaru.org.br\/sru\/wp-json\/wp\/v2\/media\/897"}],"wp:attachment":[{"href":"https:\/\/www.camaru.org.br\/sru\/wp-json\/wp\/v2\/media?parent=516"}],"curies":[{"name":"wp","href":"https:\/\/api.w.org\/{rel}","templated":true}]}}