{"id":778,"date":"2016-12-12T17:25:49","date_gmt":"2016-12-12T17:25:49","guid":{"rendered":"http:\/\/www.camaru.org.br\/?page_id=778"},"modified":"2025-05-14T16:24:12","modified_gmt":"2025-05-14T19:24:12","slug":"cotacoes","status":"publish","type":"page","link":"https:\/\/www.camaru.org.br\/sru\/cotacoes\/","title":{"rendered":"Cota\u00e7\u00f5es"},"content":{"rendered":"\t\t<div data-elementor-type=\"wp-page\" data-elementor-id=\"778\" class=\"elementor elementor-778\">\n\t\t\t\t\t\t<section class=\"elementor-section elementor-top-section elementor-element elementor-element-7f8b8980 elementor-section-full_width elementor-section-height-default elementor-section-height-default\" data-id=\"7f8b8980\" data-element_type=\"section\" data-e-type=\"section\">\n\t\t\t\t\t\t<div class=\"elementor-container elementor-column-gap-no\">\n\t\t\t\t\t<div class=\"elementor-column elementor-col-100 elementor-top-column elementor-element elementor-element-1609bd9a\" data-id=\"1609bd9a\" data-element_type=\"column\" data-e-type=\"column\">\n\t\t\t<div class=\"elementor-widget-wrap elementor-element-populated\">\n\t\t\t\t\t\t<div class=\"elementor-element elementor-element-3fbd3345 elementor-align-left elementor-widget elementor-widget-about-page-header\" data-id=\"3fbd3345\" data-element_type=\"widget\" data-e-type=\"widget\" data-widget_type=\"about-page-header.default\">\n\t\t\t\t<div class=\"elementor-widget-container\">\n\t\t\t\t\t\r\n\t\t\t\t<div class=\"pages-hero\" style=\"background-image: url(https:\/\/www.camaru.org.br\/sru\/wp-content\/uploads\/sites\/4\/2022\/11\/pages-bg.jpg);\">\r\n\t\t\r\n\t\t\t<div class=\"container\">\r\n\r\n\t\t\t\t<div class=\"pages-title\">\r\n\r\n\t\t\t\t\t\t\t\t\t\t<h1>Cota\u00e7\u00f5es<\/h1>\r\n\t\t\t\t\t\r\n\t\t\t\t\t<div class=\"page-nav\">\r\n\r\n\t\t\t\t\t\t\t\t\t\t\t\t\t<p><a href=\"https:\/\/www.camaru.org.br\/sru\/\">Home<\/a> &nbsp; | &nbsp; <a>Cota\u00e7\u00f5es<\/a><\/p>\r\n\t\t\t\t\t\t\r\n\t\t\t\t\t<\/div>\r\n\r\n\t\t\t\t<\/div>\r\n\r\n\t\t\t<\/div>  \r\n\r\n\t\t<\/div>\r\n\r\n\t\t\t\t\t<\/div>\n\t\t\t\t<\/div>\n\t\t\t\t\t<\/div>\n\t\t<\/div>\n\t\t\t\t\t<\/div>\n\t\t<\/section>\n\t\t\t\t<section class=\"elementor-section elementor-top-section elementor-element elementor-element-d74875b elementor-section-boxed elementor-section-height-default elementor-section-height-default\" data-id=\"d74875b\" data-element_type=\"section\" data-e-type=\"section\">\n\t\t\t\t\t\t<div class=\"elementor-container elementor-column-gap-default\">\n\t\t\t\t\t<div class=\"elementor-column elementor-col-100 elementor-top-column elementor-element elementor-element-1302c1\" data-id=\"1302c1\" data-element_type=\"column\" data-e-type=\"column\">\n\t\t\t<div class=\"elementor-widget-wrap elementor-element-populated\">\n\t\t\t\t\t\t<section class=\"elementor-section elementor-inner-section elementor-element elementor-element-15aea185 elementor-section-boxed elementor-section-height-default elementor-section-height-default\" data-id=\"15aea185\" data-element_type=\"section\" data-e-type=\"section\">\n\t\t\t\t\t\t<div class=\"elementor-container elementor-column-gap-default\">\n\t\t\t\t\t<div class=\"elementor-column elementor-col-100 elementor-inner-column elementor-element elementor-element-25f9d2ef\" data-id=\"25f9d2ef\" data-element_type=\"column\" data-e-type=\"column\">\n\t\t\t<div class=\"elementor-widget-wrap elementor-element-populated\">\n\t\t\t\t\t\t<div class=\"elementor-element elementor-element-eb85d59 elementor-widget elementor-widget-html\" data-id=\"eb85d59\" data-element_type=\"widget\" data-e-type=\"widget\" data-widget_type=\"html.default\">\n\t\t\t\t<div class=\"elementor-widget-container\">\n\t\t\t\t\t\r\n<!-- Widgets Produtos Cepea - www.cepea.esalq.com.br\/br\/widget.aspx -->\r\n<script type=\"text\/javascript\" src=\"https:\/\/www.cepea.org.br\/br\/widgetproduto.js.php?fonte=arial&amp;tamanho=10&amp;largura=100%&amp;corfundo=dbd6b2&amp;cortexto=333333&amp;corlinha=ede7bf&amp;id_indicador%5B%5D=8&amp;id_indicador%5B%5D=3&amp;id_indicador%5B%5D=2&amp;id_indicador%5B%5D=181&amp;id_indicador%5B%5D=130&amp;id_indicador%5B%5D=leitep&amp;id_indicador%5B%5D=77&amp;id_indicador%5B%5D=12&amp;id_indicador%5B%5D=92&amp;id_indicador%5B%5D=129-10&amp;id_indicador%5B%5D=129-6&amp;id_indicador%5B%5D=129-4&amp;id_indicador%5B%5D=129-5&amp;id_indicador%5B%5D=129-1&amp;id_indicador%5B%5D=178&amp;id_indicador%5B%5D=179\"><\/script>\r\n\t\t\t\t<\/div>\n\t\t\t\t<\/div>\n\t\t\t\t\t<\/div>\n\t\t<\/div>\n\t\t\t\t\t<\/div>\n\t\t<\/section>\n\t\t\t\t\t<\/div>\n\t\t<\/div>\n\t\t\t\t\t<\/div>\n\t\t<\/section>\n\t\t\t\t<\/div>\n\t\t","protected":false},"excerpt":{"rendered":"<p>Cota\u00e7\u00f5es Home &nbsp; | &nbsp; Cota\u00e7\u00f5es<\/p>\n","protected":false},"author":1,"featured_media":0,"parent":0,"menu_order":0,"comment_status":"closed","ping_status":"closed","template":"elementor_header_footer","meta":{"inline_featured_image":false,"_mi_skip_tracking":false,"_monsterinsights_sitenote_active":false,"_monsterinsights_sitenote_note":"","_monsterinsights_sitenote_category":0,"footnotes":""},"class_list":["post-778","page","type-page","status-publish","hentry"],"aioseo_notices":[],"_links":{"self":[{"href":"https:\/\/www.camaru.org.br\/sru\/wp-json\/wp\/v2\/pages\/778","targetHints":{"allow":["GET"]}}],"collection":[{"href":"https:\/\/www.camaru.org.br\/sru\/wp-json\/wp\/v2\/pages"}],"about":[{"href":"https:\/\/www.camaru.org.br\/sru\/wp-json\/wp\/v2\/types\/page"}],"author":[{"embeddable":true,"href":"https:\/\/www.camaru.org.br\/sru\/wp-json\/wp\/v2\/users\/1"}],"replies":[{"embeddable":true,"href":"https:\/\/www.camaru.org.br\/sru\/wp-json\/wp\/v2\/comments?post=778"}],"version-history":[{"count":39,"href":"https:\/\/www.camaru.org.br\/sru\/wp-json\/wp\/v2\/pages\/778\/revisions"}],"predecessor-version":[{"id":2816,"href":"https:\/\/www.camaru.org.br\/sru\/wp-json\/wp\/v2\/pages\/778\/revisions\/2816"}],"wp:attachment":[{"href":"https:\/\/www.camaru.org.br\/sru\/wp-json\/wp\/v2\/media?parent=778"}],"curies":[{"name":"wp","href":"https:\/\/api.w.org\/{rel}","templated":true}]}}